{"id":425,"date":"2026-03-03T22:31:15","date_gmt":"2026-03-03T21:31:15","guid":{"rendered":"https:\/\/allicyna.com\/koszyk\/"},"modified":"2026-03-10T07:31:13","modified_gmt":"2026-03-10T06:31:13","slug":"koszyk","status":"publish","type":"page","link":"https:\/\/allicyna.com\/en\/koszyk\/","title":{"rendered":"Koszyk"},"content":{"rendered":"<div data-elementor-type=\"wp-page\" data-elementor-id=\"425\" class=\"elementor elementor-425\" data-elementor-post-type=\"page\">\n\t\t\t\t<div class=\"elementor-element elementor-element-3227a88d e-flex e-con-boxed e-con e-parent\" data-id=\"3227a88d\" data-element_type=\"container\" data-e-type=\"container\">\n\t\t\t\t\t<div class=\"e-con-inner\">\n\t\t\t\t\t<\/div>\n\t\t\t\t<\/div>\n\t\t\t\t<\/div>","protected":false},"excerpt":{"rendered":"<p>Usu\u0144 Miniatura Produkt Cena Ilo\u015b\u0107 Kwota &times; Allicyna Premium Sztuk &#8211; 6 Ilo\u015b\u0107: 6 150,00&nbsp;&#122;&#322; ilo\u015b\u0107 Allicyna Premium Sztuk &#8211; 6 750,00&nbsp;&#122;&#322; &times; Allicyna Premium Sztuk &#8211; 12 Ilo\u015b\u0107: 12 260,00&nbsp;&#122;&#322; ilo\u015b\u0107 Allicyna Premium Sztuk &#8211; 12 260,00&nbsp;&#122;&#322; Podsumowanie Koszyka Kwota 1 010,00&nbsp;&#122;&#322; Wysy\u0142ka Darmowa dostawa Oblicz koszty wysy\u0142ki Kraj \/ region Wybierz kraj\/region&hellip;AfganistanAlbaniaAlgieriaAndoraAngolaAnguillaAntarktydaAntigua i [&hellip;]<\/p>\n","protected":false},"author":1,"featured_media":0,"parent":0,"menu_order":0,"comment_status":"closed","ping_status":"closed","template":"","meta":{"footnotes":""},"class_list":["post-425","page","type-page","status-publish","hentry"],"_links":{"self":[{"href":"https:\/\/allicyna.com\/en\/wp-json\/wp\/v2\/pages\/425","targetHints":{"allow":["GET"]}}],"collection":[{"href":"https:\/\/allicyna.com\/en\/wp-json\/wp\/v2\/pages"}],"about":[{"href":"https:\/\/allicyna.com\/en\/wp-json\/wp\/v2\/types\/page"}],"author":[{"embeddable":true,"href":"https:\/\/allicyna.com\/en\/wp-json\/wp\/v2\/users\/1"}],"replies":[{"embeddable":true,"href":"https:\/\/allicyna.com\/en\/wp-json\/wp\/v2\/comments?post=425"}],"version-history":[{"count":63,"href":"https:\/\/allicyna.com\/en\/wp-json\/wp\/v2\/pages\/425\/revisions"}],"predecessor-version":[{"id":698,"href":"https:\/\/allicyna.com\/en\/wp-json\/wp\/v2\/pages\/425\/revisions\/698"}],"wp:attachment":[{"href":"https:\/\/allicyna.com\/en\/wp-json\/wp\/v2\/media?parent=425"}],"curies":[{"name":"wp","href":"https:\/\/api.w.org\/{rel}","templated":true}]}}