{"id":582,"date":"2026-03-04T08:28:01","date_gmt":"2026-03-04T07:28:01","guid":{"rendered":"https:\/\/allicyna.com\/?page_id=582"},"modified":"2026-03-13T13:18:35","modified_gmt":"2026-03-13T12:18:35","slug":"metody-dostawy","status":"publish","type":"page","link":"https:\/\/allicyna.com\/en\/metody-dostawy\/","title":{"rendered":"Delivery methods"},"content":{"rendered":"<div data-elementor-type=\"wp-page\" data-elementor-id=\"582\" class=\"elementor elementor-582\" data-elementor-post-type=\"page\">\n\t\t\t\t<div class=\"elementor-element elementor-element-927b48c e-flex e-con-boxed e-con e-parent\" data-id=\"927b48c\" data-element_type=\"container\" data-e-type=\"container\">\n\t\t\t\t\t<div class=\"e-con-inner\">\n\t\t<div class=\"elementor-element elementor-element-b6203c9 e-con-full e-flex e-con e-child\" data-id=\"b6203c9\" data-element_type=\"container\" data-e-type=\"container\" data-settings=\"{&quot;background_background&quot;:&quot;classic&quot;}\">\n\t\t<div class=\"elementor-element elementor-element-545390a e-con-full e-flex e-con e-child\" data-id=\"545390a\" data-element_type=\"container\" data-e-type=\"container\">\n\t\t\t\t<div class=\"elementor-element elementor-element-53ed9c7 elementor-widget__width-initial elementor-widget elementor-widget-heading\" data-id=\"53ed9c7\" data-element_type=\"widget\" data-e-type=\"widget\" data-widget_type=\"heading.default\">\n\t\t\t\t\t<h1 class=\"elementor-heading-title elementor-size-default\"><span data-ps-web-is-internal-copy=\"true\"><\/span>Delivery Methods<\/h1>\t\t\t\t<\/div>\n\t\t\t\t<div class=\"elementor-element elementor-element-945fdc2 elementor-widget elementor-widget-text-editor\" data-id=\"945fdc2\" data-element_type=\"widget\" data-e-type=\"widget\" data-widget_type=\"text-editor.default\">\n\t\t\t\t\t\t\t\t\t<p>Free shipping<\/p><p><strong>Zam\u00f3wienia na terenie Polski wysy\u0142amy bezp\u0142atnie.<\/strong><\/p><p>Shipping to EU countries<\/p><p><span style=\"font-weight: normal;\">We also carry out international shipments within the European Union.<\/span><\/p><p><span style=\"font-weight: normal;\">The delivery cost displayed in the shopping cart applies only to domestic shipments.<\/span><br \/><span style=\"font-weight: normal;\">The price of shipping abroad is determined individually.<\/span><\/p><p><em><span style=\"font-weight: normal;\">To find out the exact cost and delivery time, please contact us:<\/span><\/em><br \/><a href=\"tel:+48518901311\">tel. 518 901 311<\/a><br \/><span style=\"font-weight: normal;\">e-mail: <\/span><a href=\"mailto:zenon@zenllp.com\">zenon@zenllp.com<\/a><\/p><p>Payments for foreign orders<\/p><p><span style=\"font-weight: normal;\">For orders shipped outside of Poland, we only accept<\/span><br \/>traditional bank transfer<span style=\"font-weight: normal;\">.<\/span><\/p><p>International transfer details:<br \/><span style=\"font-weight: normal;\">SWIFT\/BIC: <\/span>PKOPPLPW<br \/><span style=\"font-weight: normal;\">IBAN: <\/span>PL08 1240 4272 1111 0011 0948 2588<\/p><p>Additional information<\/p><ul><li><span style=\"font-weight: normal;\">All prices quoted include <\/span>VAT<span style=\"font-weight: normal;\">.<\/span><\/li><li><span style=\"font-weight: normal;\">Orders are processed on business days (Monday-Friday).<\/span><\/li><li><span style=\"font-weight: normal;\">Delivery time depends on the selected carrier and delivery location.<\/span><\/li><\/ul>\t\t\t\t\t\t\t\t<\/div>\n\t\t\t\t<\/div>\n\t\t\t\t<\/div>\n\t\t\t\t\t<\/div>\n\t\t\t\t<\/div>\n\t\t\t\t<\/div>","protected":false},"excerpt":{"rendered":"<p>Metody Dostawy Darmowa wysy\u0142ka Zam\u00f3wienia na terenie Polski wysy\u0142amy bezp\u0142atnie. Wysy\u0142ka do kraj\u00f3w UE Realizujemy r\u00f3wnie\u017c wysy\u0142ki zagraniczne na terenie Unii Europejskiej. Koszt dostawy wy\u015bwietlany w koszyku dotyczy wy\u0142\u0105cznie przesy\u0142ek krajowych.Cena wysy\u0142ki za granic\u0119 ustalana jest indywidualnie. Aby pozna\u0107 dok\u0142adny koszt i czas dostawy, skontaktuj si\u0119 z nami:tel. 518 901 311e-mail: zenon@zenllp.com P\u0142atno\u015bci za zam\u00f3wienia [&hellip;]<\/p>\n","protected":false},"author":1,"featured_media":0,"parent":0,"menu_order":0,"comment_status":"closed","ping_status":"closed","template":"","meta":{"footnotes":""},"class_list":["post-582","page","type-page","status-publish","hentry"],"_links":{"self":[{"href":"https:\/\/allicyna.com\/en\/wp-json\/wp\/v2\/pages\/582","targetHints":{"allow":["GET"]}}],"collection":[{"href":"https:\/\/allicyna.com\/en\/wp-json\/wp\/v2\/pages"}],"about":[{"href":"https:\/\/allicyna.com\/en\/wp-json\/wp\/v2\/types\/page"}],"author":[{"embeddable":true,"href":"https:\/\/allicyna.com\/en\/wp-json\/wp\/v2\/users\/1"}],"replies":[{"embeddable":true,"href":"https:\/\/allicyna.com\/en\/wp-json\/wp\/v2\/comments?post=582"}],"version-history":[{"count":10,"href":"https:\/\/allicyna.com\/en\/wp-json\/wp\/v2\/pages\/582\/revisions"}],"predecessor-version":[{"id":722,"href":"https:\/\/allicyna.com\/en\/wp-json\/wp\/v2\/pages\/582\/revisions\/722"}],"wp:attachment":[{"href":"https:\/\/allicyna.com\/en\/wp-json\/wp\/v2\/media?parent=582"}],"curies":[{"name":"wp","href":"https:\/\/api.w.org\/{rel}","templated":true}]}}