{"id":591,"date":"2026-03-04T08:48:49","date_gmt":"2026-03-04T07:48:49","guid":{"rendered":"https:\/\/allicyna.com\/?page_id=591"},"modified":"2026-03-04T08:50:51","modified_gmt":"2026-03-04T07:50:51","slug":"metody-platnosci","status":"publish","type":"page","link":"https:\/\/allicyna.com\/en\/metody-platnosci\/","title":{"rendered":"Payment methods"},"content":{"rendered":"<div data-elementor-type=\"wp-page\" data-elementor-id=\"591\" class=\"elementor elementor-591\" data-elementor-post-type=\"page\">\n\t\t\t\t<div class=\"elementor-element elementor-element-927b48c e-flex e-con-boxed e-con e-parent\" data-id=\"927b48c\" data-element_type=\"container\" data-e-type=\"container\">\n\t\t\t\t\t<div class=\"e-con-inner\">\n\t\t<div class=\"elementor-element elementor-element-b6203c9 e-con-full e-flex e-con e-child\" data-id=\"b6203c9\" data-element_type=\"container\" data-e-type=\"container\" data-settings=\"{&quot;background_background&quot;:&quot;classic&quot;}\">\n\t\t<div class=\"elementor-element elementor-element-545390a e-con-full e-flex e-con e-child\" data-id=\"545390a\" data-element_type=\"container\" data-e-type=\"container\">\n\t\t\t\t<div class=\"elementor-element elementor-element-53ed9c7 elementor-widget__width-initial elementor-widget elementor-widget-heading\" data-id=\"53ed9c7\" data-element_type=\"widget\" data-e-type=\"widget\" data-widget_type=\"heading.default\">\n\t\t\t\t\t<h1 class=\"elementor-heading-title elementor-size-default\"><span data-ps-web-is-internal-copy=\"true\"><\/span>Payment Methods<\/h1>\t\t\t\t<\/div>\n\t\t\t\t<div class=\"elementor-element elementor-element-945fdc2 elementor-widget elementor-widget-text-editor\" data-id=\"945fdc2\" data-element_type=\"widget\" data-e-type=\"widget\" data-widget_type=\"text-editor.default\">\n\t\t\t\t\t\t\t\t\t\n<p>\n<span style=\"font-weight: normal;\">At our store, we make every effort to make the shopping process fast, easy and safe.<\/span><br><span style=\"font-weight: normal;\">We offer several convenient forms of payment, from which you can choose the one that suits you best.<\/span>\n<\/p>\n<h2><span data-ps-web-is-internal-copy=\"true\"><\/span>1. online payment Przelewy24<\/h2>\n<p>\n<span style=\"font-weight: normal;\">The most convenient and fastest form of payment. After placing your order, you will be redirected to the secure payment system Przelewy24 where you can pay:<\/span>\n<\/p>\n<ul>\n<li><span style=\"font-weight: normal;\">BLIK,<\/span><\/li>\n<li><span style=\"font-weight: normal;\">With a quick online transfer from your bank,<\/span><\/li>\n<li><span style=\"font-weight: normal;\">by payment card (Visa, Mastercard).<\/span><\/li>\n<\/ul>\n<p>\n<span style=\"font-weight: normal;\">Transactions are processed immediately, so we can proceed with your order faster.<\/span>\n<\/p>\n<h2><span data-ps-web-is-internal-copy=\"true\"><\/span>2. traditional bank transfer<\/h2>\n<p>\n<span style=\"font-weight: normal;\">You can also make payment by traditional transfer to our bank account.<\/span><br><span style=\"font-weight: normal;\">The order will be processed after the payment is credited to the account.<\/span>\n<\/p>\n<p>\nTransfer details:<br><span style=\"font-weight: normal;\">Recipient: <\/span>FCV DISTRIBUTION SP. Z O.O<br><span style=\"font-weight: normal;\">Bank: <\/span>PKO SA<br><span style=\"font-weight: normal;\">Account number: <\/span>08 1240 4272 1111 0011 0948 2588<br><span style=\"font-weight: normal;\">Transfer Title: Order number<\/span>\n<\/p>\n<p>\n<em><span style=\"font-weight: normal;\">For overseas transfers:<\/span><\/em><br><span style=\"font-weight: normal;\">SWIFT\/BIC: <\/span>PKOPPLPW<br><span style=\"font-weight: normal;\">IBAN: <\/span>PL08 1240 4272 1111 0011 0948 2588\n<\/p>\n<h2><span data-ps-web-is-internal-copy=\"true\"><\/span>3. payment on delivery (cash on delivery)<\/h2>\n<p>\n<span style=\"font-weight: normal;\">You can also pay for your order <\/span>cash on delivery<span style=\"font-weight: normal;\"> courier packages.<\/span>\n<\/p>\n<p>\n<em><span style=\"font-weight: normal;\">Attention:<\/span><\/em><br>\n<span style=\"font-weight: normal;\">In case of cash on delivery payment, a fee is added to the order price. <\/span>PLN 2.50<span style=\"font-weight: normal;\">.<\/span>\n<\/p>\n<h2><span data-ps-web-is-internal-copy=\"true\"><\/span>4. invoices and payment receipts<\/h2>\n<p>\n<span style=\"font-weight: normal;\">Each order is confirmed by email. At the request of the customer, we issue <\/span>VAT invoice<span style=\"font-weight: normal;\">.<\/span>\n<\/p>\n<h2><span data-ps-web-is-internal-copy=\"true\"><\/span>Security of transactions<\/h2>\n<p>\n<span style=\"font-weight: normal;\">All payments processed in our store are made using secure SSL encrypted connections.<\/span><br><span style=\"font-weight: normal;\">Your data is protected and never shared with third parties.<\/span>\n<\/p>\t\t\t\t\t\t\t\t<\/div>\n\t\t\t\t<\/div>\n\t\t\t\t<\/div>\n\t\t\t\t\t<\/div>\n\t\t\t\t<\/div>\n\t\t\t\t<\/div>","protected":false},"excerpt":{"rendered":"<p>Metody P\u0142atno\u015bci W naszym sklepie dok\u0142adamy wszelkich stara\u0144, aby proces zakup\u00f3w by\u0142 szybki, prosty i bezpieczny.Oferujemy kilka wygodnych form p\u0142atno\u015bci, spo\u015br\u00f3d kt\u00f3rych mo\u017cesz wybra\u0107 t\u0119, kt\u00f3ra najbardziej Ci odpowiada. 1. P\u0142atno\u015b\u0107 online Przelewy24 Najwygodniejsza i najszybsza forma p\u0142atno\u015bci. Po z\u0142o\u017ceniu zam\u00f3wienia zostaniesz przekierowany do bezpiecznego systemu p\u0142atno\u015bci Przelewy24 gdzie mo\u017cesz zap\u0142aci\u0107: BLIK-iem, szybkim przelewem online [&hellip;]<\/p>\n","protected":false},"author":1,"featured_media":0,"parent":0,"menu_order":0,"comment_status":"closed","ping_status":"closed","template":"","meta":{"footnotes":""},"class_list":["post-591","page","type-page","status-publish","hentry"],"_links":{"self":[{"href":"https:\/\/allicyna.com\/en\/wp-json\/wp\/v2\/pages\/591","targetHints":{"allow":["GET"]}}],"collection":[{"href":"https:\/\/allicyna.com\/en\/wp-json\/wp\/v2\/pages"}],"about":[{"href":"https:\/\/allicyna.com\/en\/wp-json\/wp\/v2\/types\/page"}],"author":[{"embeddable":true,"href":"https:\/\/allicyna.com\/en\/wp-json\/wp\/v2\/users\/1"}],"replies":[{"embeddable":true,"href":"https:\/\/allicyna.com\/en\/wp-json\/wp\/v2\/comments?post=591"}],"version-history":[{"count":7,"href":"https:\/\/allicyna.com\/en\/wp-json\/wp\/v2\/pages\/591\/revisions"}],"predecessor-version":[{"id":610,"href":"https:\/\/allicyna.com\/en\/wp-json\/wp\/v2\/pages\/591\/revisions\/610"}],"wp:attachment":[{"href":"https:\/\/allicyna.com\/en\/wp-json\/wp\/v2\/media?parent=591"}],"curies":[{"name":"wp","href":"https:\/\/api.w.org\/{rel}","templated":true}]}}